{"id":79,"date":"2021-07-16T15:45:00","date_gmt":"2021-07-16T13:45:00","guid":{"rendered":"https:\/\/www.ceskam.cz\/en\/?page_id=79"},"modified":"2024-07-12T16:05:22","modified_gmt":"2024-07-12T14:05:22","slug":"contact","status":"publish","type":"page","link":"https:\/\/www.ceskam.cz\/en\/czech-society-of-cinematographers\/contact\/","title":{"rendered":"Contact"},"content":{"rendered":"\n<p><strong>Czech Society of Cinematographers, ACK<\/strong><br>Karlovo n\u00e1m\u011bst\u00ed  19<br>120 00 \u00a0Praha 2<br>Czech Republic<\/p>\n\n\n\n<p><a href=\"mailto:info@ceskam.cz\">info@ceskam.cz<\/a><\/p>\n\n\n\n<h4 class=\"wp-block-heading\">President<\/h4>\n\n\n\n<p><strong>Pavel Berkovi\u010d<br><\/strong>+420&nbsp;608&nbsp;702&nbsp;453<br><a href=\"mailto:p.berkovic@centrum.cz\">p.berkovic@centrum.cz<\/a><\/p>\n\n\n\n<h4 class=\"wp-block-heading\">Vicepresident<\/h4>\n\n\n\n<p><strong>Ond\u0159ej Belica<br><\/strong>+420&nbsp;777&nbsp;119&nbsp;845<br><a href=\"mailto:obelica@gmail.com\">obelica@gmail.com<\/a><\/p>\n\n\n\n<p><\/p>\n","protected":false},"excerpt":{"rendered":"<p>Czech Society of Cinematographers, ACKKarlovo n\u00e1m\u011bst\u00ed 19120 00 \u00a0Praha 2Czech Republic info@ceskam.cz President Pavel Berkovi\u010d+420&nbsp;608&nbsp;702&nbsp;453p.berkovic@centrum.cz Vicepresident Ond\u0159ej Belica+420&nbsp;777&nbsp;119&nbsp;845obelica@gmail.com<\/p>\n","protected":false},"author":1,"featured_media":0,"parent":72,"menu_order":10,"comment_status":"closed","ping_status":"closed","template":"","meta":{"footnotes":""},"class_list":["post-79","page","type-page","status-publish","hentry"],"_links":{"self":[{"href":"https:\/\/www.ceskam.cz\/en\/wp-json\/wp\/v2\/pages\/79","targetHints":{"allow":["GET"]}}],"collection":[{"href":"https:\/\/www.ceskam.cz\/en\/wp-json\/wp\/v2\/pages"}],"about":[{"href":"https:\/\/www.ceskam.cz\/en\/wp-json\/wp\/v2\/types\/page"}],"author":[{"embeddable":true,"href":"https:\/\/www.ceskam.cz\/en\/wp-json\/wp\/v2\/users\/1"}],"replies":[{"embeddable":true,"href":"https:\/\/www.ceskam.cz\/en\/wp-json\/wp\/v2\/comments?post=79"}],"version-history":[{"count":4,"href":"https:\/\/www.ceskam.cz\/en\/wp-json\/wp\/v2\/pages\/79\/revisions"}],"predecessor-version":[{"id":241,"href":"https:\/\/www.ceskam.cz\/en\/wp-json\/wp\/v2\/pages\/79\/revisions\/241"}],"up":[{"embeddable":true,"href":"https:\/\/www.ceskam.cz\/en\/wp-json\/wp\/v2\/pages\/72"}],"wp:attachment":[{"href":"https:\/\/www.ceskam.cz\/en\/wp-json\/wp\/v2\/media?parent=79"}],"curies":[{"name":"wp","href":"https:\/\/api.w.org\/{rel}","templated":true}]}}