{"id":74,"date":"2021-07-16T15:41:53","date_gmt":"2021-07-16T13:41:53","guid":{"rendered":"https:\/\/www.ceskam.cz\/en\/?page_id=74"},"modified":"2024-07-12T16:06:57","modified_gmt":"2024-07-12T14:06:57","slug":"ack-board","status":"publish","type":"page","link":"https:\/\/www.ceskam.cz\/en\/czech-society-of-cinematographers\/ack-board\/","title":{"rendered":"ACK Board"},"content":{"rendered":"\n<h2 class=\"wp-block-heading\">ACK Board 2024-2027<\/h2>\n\n\n\n<h4 class=\"wp-block-heading\">President<\/h4>\n\n\n\n<p><strong>Pavel Berkovi\u010d<br><\/strong>+420&nbsp;608&nbsp;702&nbsp;453<br><a href=\"mailto:p.berkovic@centrum.cz\">p.berkovic@centrum.cz<\/a><\/p>\n\n\n\n<h4 class=\"wp-block-heading\">Vice President<\/h4>\n\n\n\n<p><strong>Ond\u0159ej Belica<br><\/strong>+420&nbsp;777&nbsp;119&nbsp;845<br><a href=\"mailto:obelica@gmail.com\">obelica@gmail.com<\/a><\/p>\n\n\n\n<h4 class=\"wp-block-heading\">Members<\/h4>\n\n\n\n<p>Standa Adam<br>Ond\u0159ej Belica<br>Pavel Berkovi\u010d<br>Vidu Gunaratna<br>Jana Hojdov\u00e1<br>Luk\u00e1\u0161 Hyksa<br>Marek Janda<br>Mat\u011bj Pi\u0148os<br>Filip Rej\u010d<br>Martin \u0160ec<br>Simon Todorov<\/p>\n\n\n\n<p><a href=\"mailto:prezidium@ceskam.cz\">prezidium@ceskam.cz<\/a><\/p>\n","protected":false},"excerpt":{"rendered":"<p>ACK Board 2024-2027 President Pavel Berkovi\u010d+420&nbsp;608&nbsp;702&nbsp;453p.berkovic@centrum.cz Vice President Ond\u0159ej Belica+420&nbsp;777&nbsp;119&nbsp;845obelica@gmail.com Members Standa AdamOnd\u0159ej BelicaPavel Berkovi\u010dVidu GunaratnaJana Hojdov\u00e1Luk\u00e1\u0161 HyksaMarek JandaMat\u011bj Pi\u0148osFilip Rej\u010dMartin \u0160ecSimon Todorov prezidium@ceskam.cz<\/p>\n","protected":false},"author":1,"featured_media":0,"parent":72,"menu_order":2,"comment_status":"closed","ping_status":"closed","template":"","meta":{"footnotes":""},"class_list":["post-74","page","type-page","status-publish","hentry"],"_links":{"self":[{"href":"https:\/\/www.ceskam.cz\/en\/wp-json\/wp\/v2\/pages\/74","targetHints":{"allow":["GET"]}}],"collection":[{"href":"https:\/\/www.ceskam.cz\/en\/wp-json\/wp\/v2\/pages"}],"about":[{"href":"https:\/\/www.ceskam.cz\/en\/wp-json\/wp\/v2\/types\/page"}],"author":[{"embeddable":true,"href":"https:\/\/www.ceskam.cz\/en\/wp-json\/wp\/v2\/users\/1"}],"replies":[{"embeddable":true,"href":"https:\/\/www.ceskam.cz\/en\/wp-json\/wp\/v2\/comments?post=74"}],"version-history":[{"count":11,"href":"https:\/\/www.ceskam.cz\/en\/wp-json\/wp\/v2\/pages\/74\/revisions"}],"predecessor-version":[{"id":243,"href":"https:\/\/www.ceskam.cz\/en\/wp-json\/wp\/v2\/pages\/74\/revisions\/243"}],"up":[{"embeddable":true,"href":"https:\/\/www.ceskam.cz\/en\/wp-json\/wp\/v2\/pages\/72"}],"wp:attachment":[{"href":"https:\/\/www.ceskam.cz\/en\/wp-json\/wp\/v2\/media?parent=74"}],"curies":[{"name":"wp","href":"https:\/\/api.w.org\/{rel}","templated":true}]}}